{"id":507,"date":"2025-07-02T14:34:01","date_gmt":"2025-07-02T14:34:01","guid":{"rendered":"https:\/\/www.liinahelenius.com\/?page_id=507"},"modified":"2026-02-19T16:50:40","modified_gmt":"2026-02-19T16:50:40","slug":"liinassa-5500-vuotta","status":"publish","type":"page","link":"https:\/\/www.liinahelenius.com\/?page_id=507","title":{"rendered":"LIINASSA 5500 vuotta"},"content":{"rendered":"\n<p><\/p>\n\n\n\n<p>Tervetuloa ensimm\u00e4iseen omaan n\u00e4yttelyyni! Taiden\u00e4yttely j\u00e4rjestet\u00e4\u00e4n 4.7.-10.7.2025 Galleria Art Fridassa, osoitteessa Korkeavuorenkatu 25.<\/p>\n\n\n\n<p>Hevonen on ollut kesytettyn\u00e4 jo 5500 vuotta. Ajan my\u00f6t\u00e4 hevosten ymp\u00e4rille on rakentunut kiehtova kulttuuri, joka on innoittanut t\u00e4t\u00e4 n\u00e4yttely\u00e4. Esill\u00e4 ja myynniss\u00e4 on kaikenlaisia ja kaikenkokoisia teoksia. Paikan p\u00e4\u00e4ll\u00e4 voi my\u00f6s osallistua ilmaiseen teosarvontaan. Tervetuloa!<\/p>\n\n\n\n<p>Kuvia n\u00e4yttelyst\u00e4 <\/p>\n\n\n\n<figure class=\"wp-block-image size-large\"><img loading=\"lazy\" decoding=\"async\" width=\"1024\" height=\"704\" src=\"https:\/\/www.liinahelenius.com\/wp-content\/uploads\/2025\/07\/IMG_3591-1024x704.jpg\" alt=\"\" class=\"wp-image-521\" srcset=\"https:\/\/www.liinahelenius.com\/wp-content\/uploads\/2025\/07\/IMG_3591-1024x704.jpg 1024w, https:\/\/www.liinahelenius.com\/wp-content\/uploads\/2025\/07\/IMG_3591-300x206.jpg 300w, https:\/\/www.liinahelenius.com\/wp-content\/uploads\/2025\/07\/IMG_3591-768x528.jpg 768w, https:\/\/www.liinahelenius.com\/wp-content\/uploads\/2025\/07\/IMG_3591-1536x1057.jpg 1536w, https:\/\/www.liinahelenius.com\/wp-content\/uploads\/2025\/07\/IMG_3591-2048x1409.jpg 2048w, https:\/\/www.liinahelenius.com\/wp-content\/uploads\/2025\/07\/IMG_3591-250x172.jpg 250w\" sizes=\"auto, (max-width: 1024px) 100vw, 1024px\" \/><\/figure>\n\n\n\n<figure class=\"wp-block-image size-large\"><img loading=\"lazy\" decoding=\"async\" width=\"768\" height=\"1024\" src=\"https:\/\/www.liinahelenius.com\/wp-content\/uploads\/2025\/07\/IMG_3558-768x1024.jpg\" alt=\"\" class=\"wp-image-518\" srcset=\"https:\/\/www.liinahelenius.com\/wp-content\/uploads\/2025\/07\/IMG_3558-768x1024.jpg 768w, https:\/\/www.liinahelenius.com\/wp-content\/uploads\/2025\/07\/IMG_3558-225x300.jpg 225w, https:\/\/www.liinahelenius.com\/wp-content\/uploads\/2025\/07\/IMG_3558-1152x1536.jpg 1152w, https:\/\/www.liinahelenius.com\/wp-content\/uploads\/2025\/07\/IMG_3558-1536x2048.jpg 1536w, https:\/\/www.liinahelenius.com\/wp-content\/uploads\/2025\/07\/IMG_3558-250x333.jpg 250w, https:\/\/www.liinahelenius.com\/wp-content\/uploads\/2025\/07\/IMG_3558-scaled.jpg 1920w\" sizes=\"auto, (max-width: 768px) 100vw, 768px\" \/><\/figure>\n\n\n\n<figure class=\"wp-block-gallery has-nested-images columns-default is-cropped wp-block-gallery-1 is-layout-flex wp-block-gallery-is-layout-flex\">\n<figure class=\"wp-block-image size-large\"><img loading=\"lazy\" decoding=\"async\" width=\"1024\" height=\"768\" data-id=\"525\" src=\"https:\/\/www.liinahelenius.com\/wp-content\/uploads\/2025\/07\/IMG_3565-1024x768.jpg\" alt=\"\" class=\"wp-image-525\" srcset=\"https:\/\/www.liinahelenius.com\/wp-content\/uploads\/2025\/07\/IMG_3565-1024x768.jpg 1024w, https:\/\/www.liinahelenius.com\/wp-content\/uploads\/2025\/07\/IMG_3565-300x225.jpg 300w, https:\/\/www.liinahelenius.com\/wp-content\/uploads\/2025\/07\/IMG_3565-768x576.jpg 768w, https:\/\/www.liinahelenius.com\/wp-content\/uploads\/2025\/07\/IMG_3565-1536x1152.jpg 1536w, https:\/\/www.liinahelenius.com\/wp-content\/uploads\/2025\/07\/IMG_3565-2048x1536.jpg 2048w, https:\/\/www.liinahelenius.com\/wp-content\/uploads\/2025\/07\/IMG_3565-250x188.jpg 250w\" sizes=\"auto, (max-width: 1024px) 100vw, 1024px\" \/><\/figure>\n<\/figure>\n\n\n\n<figure class=\"wp-block-image size-large\"><img loading=\"lazy\" decoding=\"async\" width=\"1024\" height=\"565\" src=\"https:\/\/www.liinahelenius.com\/wp-content\/uploads\/2025\/07\/IMG_3589-1024x565.jpg\" alt=\"\" class=\"wp-image-519\" srcset=\"https:\/\/www.liinahelenius.com\/wp-content\/uploads\/2025\/07\/IMG_3589-1024x565.jpg 1024w, https:\/\/www.liinahelenius.com\/wp-content\/uploads\/2025\/07\/IMG_3589-300x165.jpg 300w, https:\/\/www.liinahelenius.com\/wp-content\/uploads\/2025\/07\/IMG_3589-768x423.jpg 768w, https:\/\/www.liinahelenius.com\/wp-content\/uploads\/2025\/07\/IMG_3589-1536x847.jpg 1536w, https:\/\/www.liinahelenius.com\/wp-content\/uploads\/2025\/07\/IMG_3589-2048x1129.jpg 2048w, https:\/\/www.liinahelenius.com\/wp-content\/uploads\/2025\/07\/IMG_3589-250x138.jpg 250w\" sizes=\"auto, (max-width: 1024px) 100vw, 1024px\" \/><\/figure>\n\n\n\n<figure class=\"wp-block-image size-large\"><img loading=\"lazy\" decoding=\"async\" width=\"768\" height=\"1024\" src=\"https:\/\/www.liinahelenius.com\/wp-content\/uploads\/2025\/07\/IMG_3590-2-768x1024.jpg\" alt=\"\" class=\"wp-image-523\" srcset=\"https:\/\/www.liinahelenius.com\/wp-content\/uploads\/2025\/07\/IMG_3590-2-768x1024.jpg 768w, https:\/\/www.liinahelenius.com\/wp-content\/uploads\/2025\/07\/IMG_3590-2-225x300.jpg 225w, https:\/\/www.liinahelenius.com\/wp-content\/uploads\/2025\/07\/IMG_3590-2-1152x1536.jpg 1152w, https:\/\/www.liinahelenius.com\/wp-content\/uploads\/2025\/07\/IMG_3590-2-1536x2048.jpg 1536w, https:\/\/www.liinahelenius.com\/wp-content\/uploads\/2025\/07\/IMG_3590-2-250x333.jpg 250w, https:\/\/www.liinahelenius.com\/wp-content\/uploads\/2025\/07\/IMG_3590-2-scaled.jpg 1920w\" sizes=\"auto, (max-width: 768px) 100vw, 768px\" \/><\/figure>\n\n\n\n<p><\/p>\n","protected":false},"excerpt":{"rendered":"<p>Tervetuloa ensimm\u00e4iseen omaan n\u00e4yttelyyni! Taiden\u00e4yttely j\u00e4rjestet\u00e4\u00e4n 4.7.-10.7.2025 Galleria Art Fridassa, osoitteessa Korkeavuorenkatu 25. Hevonen on ollut kesytettyn\u00e4 jo 5500 vuotta. Ajan my\u00f6t\u00e4 hevosten ymp\u00e4rille on rakentunut kiehtova kulttuuri, joka on innoittanut t\u00e4t\u00e4 n\u00e4yttely\u00e4. Esill\u00e4 ja myynniss\u00e4 on kaikenlaisia ja kaikenkokoisia teoksia. Paikan p\u00e4\u00e4ll\u00e4 voi my\u00f6s osallistua ilmaiseen teosarvontaan. Tervetuloa! Kuvia n\u00e4yttelyst\u00e4<\/p>\n","protected":false},"author":1,"featured_media":0,"parent":0,"menu_order":0,"comment_status":"closed","ping_status":"closed","template":"","meta":{"footnotes":""},"class_list":["post-507","page","type-page","status-publish","hentry"],"_links":{"self":[{"href":"https:\/\/www.liinahelenius.com\/index.php?rest_route=\/wp\/v2\/pages\/507","targetHints":{"allow":["GET"]}}],"collection":[{"href":"https:\/\/www.liinahelenius.com\/index.php?rest_route=\/wp\/v2\/pages"}],"about":[{"href":"https:\/\/www.liinahelenius.com\/index.php?rest_route=\/wp\/v2\/types\/page"}],"author":[{"embeddable":true,"href":"https:\/\/www.liinahelenius.com\/index.php?rest_route=\/wp\/v2\/users\/1"}],"replies":[{"embeddable":true,"href":"https:\/\/www.liinahelenius.com\/index.php?rest_route=%2Fwp%2Fv2%2Fcomments&post=507"}],"version-history":[{"count":8,"href":"https:\/\/www.liinahelenius.com\/index.php?rest_route=\/wp\/v2\/pages\/507\/revisions"}],"predecessor-version":[{"id":546,"href":"https:\/\/www.liinahelenius.com\/index.php?rest_route=\/wp\/v2\/pages\/507\/revisions\/546"}],"wp:attachment":[{"href":"https:\/\/www.liinahelenius.com\/index.php?rest_route=%2Fwp%2Fv2%2Fmedia&parent=507"}],"curies":[{"name":"wp","href":"https:\/\/api.w.org\/{rel}","templated":true}]}}