{"id":475,"date":"2025-01-12T17:36:28","date_gmt":"2025-01-12T17:36:28","guid":{"rendered":"https:\/\/www.liinahelenius.com\/?page_id=475"},"modified":"2025-04-09T08:24:32","modified_gmt":"2025-04-09T08:24:32","slug":"tilaustyot-comissions","status":"publish","type":"page","link":"https:\/\/www.liinahelenius.com\/?page_id=475","title":{"rendered":"Tilausty\u00f6t \/ Comissions"},"content":{"rendered":"\n<p class=\"has-large-font-size\">Teen tilaust\u00f6it\u00e4. Alta voit l\u00f6yt\u00e4\u00e4 esimerkkej\u00e4 tekemist\u00e4ni tilaust\u00f6ist\u00e4 ja kuvauksen prosessista. Jos kaipaat v\u00e4ri\u00e4 el\u00e4m\u00e4\u00e4si, ota yhteytt\u00e4! Liina.Helenius@gmail.com<\/p>\n\n\n\n<figure class=\"wp-block-image size-large\"><img loading=\"lazy\" decoding=\"async\" width=\"1024\" height=\"768\" src=\"https:\/\/www.liinahelenius.com\/wp-content\/uploads\/2025\/01\/IMG_8846-1024x768.jpg\" alt=\"\" class=\"wp-image-470\" srcset=\"https:\/\/www.liinahelenius.com\/wp-content\/uploads\/2025\/01\/IMG_8846-1024x768.jpg 1024w, https:\/\/www.liinahelenius.com\/wp-content\/uploads\/2025\/01\/IMG_8846-300x225.jpg 300w, https:\/\/www.liinahelenius.com\/wp-content\/uploads\/2025\/01\/IMG_8846-768x576.jpg 768w, https:\/\/www.liinahelenius.com\/wp-content\/uploads\/2025\/01\/IMG_8846-1536x1152.jpg 1536w, https:\/\/www.liinahelenius.com\/wp-content\/uploads\/2025\/01\/IMG_8846-2048x1536.jpg 2048w, https:\/\/www.liinahelenius.com\/wp-content\/uploads\/2025\/01\/IMG_8846-250x188.jpg 250w\" sizes=\"auto, (max-width: 1024px) 100vw, 1024px\" \/><\/figure>\n\n\n\n<figure class=\"wp-block-image size-large\"><img loading=\"lazy\" decoding=\"async\" width=\"1024\" height=\"815\" src=\"https:\/\/www.liinahelenius.com\/wp-content\/uploads\/2024\/04\/IMG_8763-1024x815.jpg\" alt=\"\" class=\"wp-image-331\" srcset=\"https:\/\/www.liinahelenius.com\/wp-content\/uploads\/2024\/04\/IMG_8763-1024x815.jpg 1024w, https:\/\/www.liinahelenius.com\/wp-content\/uploads\/2024\/04\/IMG_8763-300x239.jpg 300w, https:\/\/www.liinahelenius.com\/wp-content\/uploads\/2024\/04\/IMG_8763-768x612.jpg 768w, https:\/\/www.liinahelenius.com\/wp-content\/uploads\/2024\/04\/IMG_8763-1536x1223.jpg 1536w, https:\/\/www.liinahelenius.com\/wp-content\/uploads\/2024\/04\/IMG_8763-2048x1631.jpg 2048w, https:\/\/www.liinahelenius.com\/wp-content\/uploads\/2024\/04\/IMG_8763-250x199.jpg 250w\" sizes=\"auto, (max-width: 1024px) 100vw, 1024px\" \/><\/figure>\n\n\n\n<p><strong>Tilausty\u00f6prosessi ja hinnoittelu<\/strong><\/p>\n\n\n\n<p>Haluan tehd\u00e4 tilausty\u00f6prosessista mahdollisimman selke\u00e4n ja sujuvan. N\u00e4in prosessi etenee:<\/p>\n\n\n\n<ol class=\"wp-block-list\">\n<li><strong>Yhteydenotto ja ideointi<\/strong><br>Aloitamme keskustelemalla toiveistasi ja ideoistasi. Voit kertoa, millaisen teoksen haluaisit, mink\u00e4 kokoisena ja mit\u00e4 tyyli\u00e4 toivot. Inspiraatiokuvista tai esimerkeist\u00e4 on my\u00f6s hy\u00f6ty\u00e4.<\/li>\n\n\n\n<li><strong>Suunnitelma ja hinta-arvio<\/strong><br>Keskustelumme pohjalta laadin suunnitelman ja hinta-arvion. Hinta m\u00e4\u00e4r\u00e4ytyy teoksen koon, yksityiskohtien ja k\u00e4ytett\u00e4vien materiaalien mukaan. L\u00e4pin\u00e4kyvyys on minulle t\u00e4rke\u00e4\u00e4, joten k\u00e4ymme kaikki yksityiskohdat yhdess\u00e4 l\u00e4pi ennen ty\u00f6n aloittamista.<\/li>\n\n\n\n<li><strong>Hyv\u00e4ksynt\u00e4 ja varausmaksu<\/strong><br>Kun suunnitelma ja hinta on hyv\u00e4ksytty, pyyd\u00e4n varausmaksun, joka vahvistaa tilauksen. Alla on taulukko varausmaksuista taulun kokoon suhteutettuna. Varausmaksu kattaa materiaalikulut ja varaa aikani projektillesi. Varausmaksu hyvitet\u00e4\u00e4n teoksen loppusummasta. Varausmaksua ei voi palauttaa.<\/li>\n\n\n\n<li><strong>Teoksen luominen<\/strong><br>Aloitan teoksen maalaamisen ja pid\u00e4n sinut ajan tasalla ty\u00f6n etenemisest\u00e4. Halutessasi voit my\u00f6s n\u00e4hd\u00e4 luonnoksia tai edistyskuvia ty\u00f6n aikana.<\/li>\n\n\n\n<li><strong>Valmis teos ja toimitus<\/strong><br>Kun ty\u00f6 on valmis, l\u00e4het\u00e4n kuvan lopullisesta teoksesta hyv\u00e4ksynt\u00e4\u00e4 varten. T\u00e4m\u00e4n j\u00e4lkeen sovimme toimituksesta tai noudosta.<\/li>\n<\/ol>\n\n\n\n<p><strong>Hinnat ja aikataulut<\/strong><br>Tilausty\u00f6n hinnat alkavat 250 eurosta, ja tarkka hinta m\u00e4\u00e4r\u00e4ytyy teoksen yksityiskohtien mukaan. Ty\u00f6n kesto riippuu projektin laajuudesta, mutta annan aina arvion valmistumisajasta ennen aloitusta.<\/p>\n\n\n\n<p>Ota rohkeasti yhteytt\u00e4, niin suunnitellaan yhdess\u00e4 t\u00e4ydellinen taideteos sinulle!<\/p>\n\n\n\n<figure class=\"wp-block-table\"><table class=\"has-fixed-layout\"><tbody><tr><td><strong>Taulun leveys\/korkeus:<\/strong><\/td><td><strong>Varausmaksu:<\/strong><\/td><td><strong>Hintaluokat<\/strong><\/td><\/tr><tr><td>30-50<\/td><td>50\u20ac<\/td><td>250\u20ac-400\u20ac<\/td><\/tr><tr><td>60-80<\/td><td>75\u20ac<\/td><td>400\u20ac-700\u20ac<\/td><\/tr><tr><td>90-120<\/td><td>100\u20ac<\/td><td>700\u20ac-1200\u20ac<\/td><\/tr><tr><td>Suuremmat<\/td><td>>100\u20ac, neuvoteltavissa<\/td><td>Alkaen 1200\u20ac<\/td><\/tr><\/tbody><\/table><\/figure>\n","protected":false},"excerpt":{"rendered":"<p>Teen tilaust\u00f6it\u00e4. Alta voit l\u00f6yt\u00e4\u00e4 esimerkkej\u00e4 tekemist\u00e4ni tilaust\u00f6ist\u00e4 ja kuvauksen prosessista. Jos kaipaat v\u00e4ri\u00e4 el\u00e4m\u00e4\u00e4si, ota yhteytt\u00e4! Liina.Helenius@gmail.com Tilausty\u00f6prosessi ja hinnoittelu Haluan tehd\u00e4 tilausty\u00f6prosessista mahdollisimman selke\u00e4n ja sujuvan. N\u00e4in prosessi etenee: Hinnat ja aikataulutTilausty\u00f6n hinnat alkavat 250 eurosta, ja tarkka hinta m\u00e4\u00e4r\u00e4ytyy teoksen yksityiskohtien mukaan. Ty\u00f6n kesto riippuu projektin laajuudesta, mutta annan aina arvion valmistumisajasta [&hellip;]<\/p>\n","protected":false},"author":1,"featured_media":0,"parent":0,"menu_order":0,"comment_status":"closed","ping_status":"closed","template":"","meta":{"footnotes":""},"class_list":["post-475","page","type-page","status-publish","hentry"],"_links":{"self":[{"href":"https:\/\/www.liinahelenius.com\/index.php?rest_route=\/wp\/v2\/pages\/475","targetHints":{"allow":["GET"]}}],"collection":[{"href":"https:\/\/www.liinahelenius.com\/index.php?rest_route=\/wp\/v2\/pages"}],"about":[{"href":"https:\/\/www.liinahelenius.com\/index.php?rest_route=\/wp\/v2\/types\/page"}],"author":[{"embeddable":true,"href":"https:\/\/www.liinahelenius.com\/index.php?rest_route=\/wp\/v2\/users\/1"}],"replies":[{"embeddable":true,"href":"https:\/\/www.liinahelenius.com\/index.php?rest_route=%2Fwp%2Fv2%2Fcomments&post=475"}],"version-history":[{"count":6,"href":"https:\/\/www.liinahelenius.com\/index.php?rest_route=\/wp\/v2\/pages\/475\/revisions"}],"predecessor-version":[{"id":495,"href":"https:\/\/www.liinahelenius.com\/index.php?rest_route=\/wp\/v2\/pages\/475\/revisions\/495"}],"wp:attachment":[{"href":"https:\/\/www.liinahelenius.com\/index.php?rest_route=%2Fwp%2Fv2%2Fmedia&parent=475"}],"curies":[{"name":"wp","href":"https:\/\/api.w.org\/{rel}","templated":true}]}}